{"id":3651,"date":"2016-02-01T14:45:46","date_gmt":"2016-02-01T14:45:46","guid":{"rendered":"http:\/\/democontent.codex-themes.com\/thegem-events\/?page_id=3651"},"modified":"2019-12-04T16:42:39","modified_gmt":"2019-12-04T16:42:39","slug":"sponsoring-und-partner-2019","status":"publish","type":"page","link":"https:\/\/flforum.ch\/en\/sponsoring-und-partner-2019\/","title":{"rendered":"Partners 2019"},"content":{"rendered":"<div class=\"wpb-content-wrapper\"><p>[vc_row][vc_column][vc_text_separator title=&#8221;Main Sponsor&#8221; color=&#8221;peacoc&#8221;][\/vc_column][\/vc_row][vc_row][vc_column width=&#8221;1\/3&#8243;][\/vc_column][vc_column width=&#8221;1\/3&#8243;][vc_single_image image=&#8221;25968&#8243; alignment=&#8221;center&#8221;][vc_column_text]<\/p>\n<p style=\"text-align: center;\"><strong>AXA XL<\/strong><\/p>\n<p style=\"text-align: justify;\">AXA XL is the P&amp;C and specialty risk division of AXA. With a shared culture of service, partnership, operational excellence and innovation, we look forward to bringing further value to our clients and brokers.<br \/>\nOur teams are experts in Property, Casualty, Professional and Financial Lines and Specialty re\/insurance for the world\u2019s most complex risks. We partner with those who move the world forward. To learn more, visit www.axaxl.com.<\/p>\n<p style=\"text-align: center;\">[\/vc_column_text][\/vc_column][vc_column width=&#8221;1\/3&#8243;][\/vc_column][\/vc_row][vc_row][vc_column][vc_text_separator title=&#8221;Sponsors&#8221; color=&#8221;peacoc&#8221;][\/vc_column][\/vc_row][vc_row][vc_column width=&#8221;1\/3&#8243;][vc_single_image image=&#8221;25001&#8243; alignment=&#8221;center&#8221;][vc_column_text]<\/p>\n<p style=\"text-align: center;\"><strong>Zurich Insurance Group<\/strong><\/p>\n<p style=\"text-align: justify;\">Zurich Schweiz betreut das Lebens- und Schadenversicherungsgesch\u00e4ft der Zurich Insurance Group in der Schweiz. Als traditionsreiches Unternehmen mit starken Wurzeln in der Schweiz sind uns die Tugenden wie Pr\u00e4zision, Zuverl\u00e4ssigkeit und Sicherheit wichtig. Unser Kerngesch\u00e4ft ist der Umgang mit Risiken. Ob Privatpersonen, KMU oder global t\u00e4tige Firmen: Wir helfen unseren Kunden, ihre Risiken zu verstehen \u2013 und sch\u00fctzen sie mit umfassenden L\u00f6sungen.<\/p>\n<p style=\"text-align: justify;\">Zurich geh\u00f6rt zu den gr\u00f6ssten Versicherungsgesellschaften in der Schweiz. Weltweit ist die Zurich Insurance Group mit rund 53&#8217;000 Mitarbeitenden in \u00fcber 210 L\u00e4ndern und Gebieten t\u00e4tig.<\/p>\n<p>[\/vc_column_text][\/vc_column][vc_column width=&#8221;1\/3&#8243;][vc_single_image image=&#8221;25339&#8243; img_size=&#8221;150&#215;120&#8243; alignment=&#8221;center&#8221;][vc_column_text css=&#8221;.vc_custom_1542977102173{padding-right: 20px !important;padding-left: 20px !important;}&#8221;]<\/p>\n<p style=\"text-align: center;\"><strong>Allianz Global Corporate &amp; Specialty AG<\/strong><\/p>\n<p style=\"text-align: justify;\">For decades, Allianz has insured industrial companies worldwide. Now known as Allianz Global Corporate &amp; Specialty (AGCS), and created in 2006, we provide our customers with complex, individually tailored insurance products and support them with a comprehensive range of services that address their industrial and international risks in property, liability, engineering and financial lines. At the same time we are leading specialists in the fields of marine, aviation and entertainment insurance.<\/p>\n<p>[\/vc_column_text][\/vc_column][vc_column width=&#8221;1\/3&#8243;][vc_single_image image=&#8221;25340&#8243; img_size=&#8221;150&#215;120&#8243; alignment=&#8221;center&#8221;][vc_column_text]<\/p>\n<p style=\"text-align: center;\"><strong>The Chubb Group<\/strong><\/p>\n<p style=\"text-align: justify;\">Chubb is the world\u2019s largest listed industrial insurer. With its own branches in 54 countries and long-term cooperation partners, Chubb offers industrial and personal insurance to a wide range of customers worldwide. The parent company Chubb Limited, headquartered in Zurich, employs 31,000 people worldwide and is listed on the New York Stock Exchange (NYSE: CB) and is included in the S&amp;P 500 share index.<\/p>\n<p>In Switzerland, Chubb Insurance (Switzerland) Ltd, a subsidiary of Chubb Limited, currently employs 75 people. Chubb Insurance (Switzerland) Ltd. is domiciled in Zurich and has an AA rating from Standard and Poor\u2019s. Tailor-made solutions in property, liability, transport, cyber and environmental insurance, financial lines as well as personal and accident insurance cover the needs of companies and organizations of all sizes.<\/p>\n<p>[\/vc_column_text][\/vc_column][\/vc_row][vc_row][vc_column][vc_text_separator title=&#8221;Media Partners&#8221; color=&#8221;peacoc&#8221;]<div class=\"preloader\"><div class=\"preloader-spin\"><\/div><\/div><div class=\"gem-clients gem-clients-type-carousel-grid disable-grayscale \" data-autoscroll=\"0\"><div class=\"gem-clients-slide\"><div class=\"gem-clients-slide-inner clearfix\"> <div id=\"post-24973\" class=\"gem-client-item post-24973 thegem_client type-thegem_client status-publish has-post-thumbnail\" style=\"width: 50%;\" > <a href=\"https:\/\/www.handelszeitung.ch\/schweizer-versicherung\" target=\"_blank\" class=\"gscale\"> <img width=\"400\" height=\"190\" src=\"https:\/\/flforum.ch\/wp-content\/uploads\/HZ_Insurance_RGB_small.png\" class=\"img-responsive wp-post-image\" alt=\"HZ_Insurance_RGB_small\" \/>\t<\/a> <\/div><\/div><\/div><\/div>[\/vc_column][\/vc_row][vc_row][vc_column width=&#8221;1\/2&#8243;][vc_column_text]\u00a0 In ten issues per year, \u201cSchweizer Versicherung\u201d provides comprehensive background information on the insurance industry in all its segments and markets. It accompanies the makers of the insurance industry with a critical eye, shows perspectives and also the most important minds. A competent editorial team and a team of experts write practical articles about all players, from primary insurers and reinsurers, health insurance funds, pension funds and institutional investors to brokers. The trade magazine is also the official organ of various trade and professional associations.<br \/>\n.[\/vc_column_text][\/vc_column][vc_column width=&#8221;1\/2&#8243;][vc_column_text] As the leading medium in the industry, the business and management magazine Versicherungswirtschaft aims to increase entrepreneurial knowledge among specialists, managers and high potentials. In addition to the journalistic classification, the reader receives a well-founded knowledge package through author contributions at the interface between science and practice \u2013 profound, independent, close to the market. Since more than 70 years.<br \/>\n[\/vc_column_text][\/vc_column][\/vc_row][vc_row][vc_column][vc_text_separator title=&#8221;Organizer&#8221; color=&#8221;peacoc&#8221;][\/vc_column][\/vc_row][vc_row][vc_column width=&#8221;1\/3&#8243;][\/vc_column][vc_column width=&#8221;1\/3&#8243;][vc_single_image image=&#8221;25259&#8243; img_size=&#8221;210&#215;180&#8243; alignment=&#8221;center&#8221;][vc_column_text]<\/p>\n<p style=\"text-align: justify;\">Haefeli &amp; Schroeder Financial Lines AG (HSFL) is an independent insurance broker managed by partners and specializing in Financial Lines, headquartered in Pf\u00e4ffikon SZ, Switzerland. In addition to hosting the annual Financial Lines Forum, HSFL is known for tailor-made FL solutions for clients, in particular large companies. HSFL also offers partner brokers access to the web-based FL platform, where they may obtain binding offers from leading insurers and conclude policies directly for SME customers with only a few clicks, within a few minutes and at no additional cost. More information on the various business areas can be found at <a href=\"http:\/\/www.financial-lines.ch\/en\" target=\"_blank\" rel=\"noopener noreferrer\">www.financial-lines.ch<\/a>.<\/p>\n<p>[\/vc_column_text][\/vc_column][vc_column width=&#8221;1\/3&#8243;][\/vc_column][\/vc_row][vc_row][vc_column][vc_text_separator title=&#8221;Accreditation&#8221; color=&#8221;peacoc&#8221;]<div class=\"preloader\"><div class=\"preloader-spin\"><\/div><\/div><div class=\"gem-clients gem-clients-type-carousel-grid disable-grayscale \" data-autoscroll=\"0\"><div class=\"gem-clients-slide\"><div class=\"gem-clients-slide-inner clearfix\"> <div id=\"post-24983\" class=\"gem-client-item post-24983 thegem_client type-thegem_client status-publish has-post-thumbnail\" style=\"width: 100%;\" > <a href=\"https:\/\/www.cicero.ch\/ueber-cicero\" target=\"_blank\" class=\"gscale\"> <img width=\"150\" height=\"150\" src=\"https:\/\/flforum.ch\/wp-content\/uploads\/Cicero.jpg\" class=\"img-responsive wp-post-image\" alt=\"Cicero\" \/>\t<\/a> <\/div><\/div><\/div><\/div>[\/vc_column][\/vc_row]<\/p>\n<\/div>","protected":false},"excerpt":{"rendered":"<p>[vc_row][vc_column][vc_text_separator title=&#8221;Main Sponsor&#8221; color=&#8221;peacoc&#8221;][\/vc_column][\/vc_row][vc_row][vc_column width=&#8221;1\/3&#8243;][\/vc_column][vc_column width=&#8221;1\/3&#8243;][vc_single_image image=&#8221;25968&#8243; alignment=&#8221;center&#8221;][vc_column_text] AXA XL AXA XL is the P&amp;C and specialty risk division of&#8230;<\/p>\n","protected":false},"author":2,"featured_media":0,"parent":0,"menu_order":4,"comment_status":"closed","ping_status":"closed","template":"","meta":{"footnotes":""},"class_list":["post-3651","page","type-page","status-publish"],"_links":{"self":[{"href":"https:\/\/flforum.ch\/en\/wp-json\/wp\/v2\/pages\/3651"}],"collection":[{"href":"https:\/\/flforum.ch\/en\/wp-json\/wp\/v2\/pages"}],"about":[{"href":"https:\/\/flforum.ch\/en\/wp-json\/wp\/v2\/types\/page"}],"author":[{"embeddable":true,"href":"https:\/\/flforum.ch\/en\/wp-json\/wp\/v2\/users\/2"}],"replies":[{"embeddable":true,"href":"https:\/\/flforum.ch\/en\/wp-json\/wp\/v2\/comments?post=3651"}],"version-history":[{"count":56,"href":"https:\/\/flforum.ch\/en\/wp-json\/wp\/v2\/pages\/3651\/revisions"}],"predecessor-version":[{"id":26182,"href":"https:\/\/flforum.ch\/en\/wp-json\/wp\/v2\/pages\/3651\/revisions\/26182"}],"wp:attachment":[{"href":"https:\/\/flforum.ch\/en\/wp-json\/wp\/v2\/media?parent=3651"}],"curies":[{"name":"wp","href":"https:\/\/api.w.org\/{rel}","templated":true}]}}